{"id":424,"date":"2021-01-22T11:10:31","date_gmt":"2021-01-22T11:10:31","guid":{"rendered":"http:\/\/prototipo.avblv.com\/?page_id=424"},"modified":"2021-03-14T12:47:36","modified_gmt":"2021-03-14T12:47:36","slug":"videoarte-instalaciones-audiovisuales-singulares-y-exclusivas","status":"publish","type":"page","link":"http:\/\/prototipo.avblv.com\/index.php\/videoarte-instalaciones-audiovisuales-singulares-y-exclusivas\/","title":{"rendered":"Videoarte. Instalaciones audiovisuales singulares y exclusivas"},"content":{"rendered":"\n<div class=\"wp-block-image\"><figure class=\"alignleft size-large\"><img loading=\"lazy\" width=\"1024\" height=\"681\" src=\"http:\/\/prototipo.avblv.com\/wp-content\/uploads\/2021\/01\/B54BAB1-1024x681.jpg\" alt=\"Instalaci\u00f3n videoart\u00edstica Centro Interpretaci\u00f3n de la M\u00edstica. \u00c1vila.\" class=\"wp-image-189\" srcset=\"http:\/\/prototipo.avblv.com\/wp-content\/uploads\/2021\/01\/B54BAB1-1024x681.jpg 1024w, http:\/\/prototipo.avblv.com\/wp-content\/uploads\/2021\/01\/B54BAB1-300x200.jpg 300w, http:\/\/prototipo.avblv.com\/wp-content\/uploads\/2021\/01\/B54BAB1-768x511.jpg 768w, http:\/\/prototipo.avblv.com\/wp-content\/uploads\/2021\/01\/B54BAB1-1536x1022.jpg 1536w, http:\/\/prototipo.avblv.com\/wp-content\/uploads\/2021\/01\/B54BAB1-2048x1363.jpg 2048w, http:\/\/prototipo.avblv.com\/wp-content\/uploads\/2021\/01\/B54BAB1-272x182.jpg 272w\" sizes=\"(max-width: 1024px) 100vw, 1024px\" \/><figcaption>Instalaci\u00f3n videoart\u00edstica realizada por el colectivo BLV para el Centro de Interpretaci\u00f3n de la M\u00edstica. \u00c1vila.<\/figcaption><\/figure><\/div>\n\n\n\n<p><\/p>\n\n\n\n<p><strong>Igual que en el pasado palacios, sedes institucionales o residencias se adornaban con grandes frescos o pinturas en paredes, b\u00f3vedas y techos, <strong>hoy el audiovisual y todas sus posibilidades puede ocupar en parte esa misma funci\u00f3n<\/strong>. Con el paso de los a\u00f1os, aquellas obras de otro tiempo, se han convertido en objeto de admiraci\u00f3n y de valor creciente como puede ocurrir hoy con determinadas obras audiovisuales.<\/strong><br><\/p>\n\n\n\n<p>En otras \u00e9pocas, contar con obras realizadas ex profeso para un determinado lugar no ten\u00eda s\u00f3lo una motivaci\u00f3n tendente a mostrar un determinado est\u00e1tus o singularizar un espacio f\u00edsico. Su creaci\u00f3n obedec\u00eda tambi\u00e9n a la necesidad de crear un entorno que facilitase la reflexi\u00f3n, la relajaci\u00f3n, el entendimiento o predisponer favorablemente al visitante con respecto a su anfitri\u00f3n. La instalaci\u00f3n audiovisual con caracter\u00edsticas art\u00edsticas puede cumplir esa misma funci\u00f3n.<\/p>\n\n\n\n<p>Los dispositivos tecnol\u00f3gicos actuales y sus posibilidades nos permiten hoy crear obras singulares casi autosuficientes, cambiantes, adaptables o inteligentes. Son mucho m\u00e1s que un elemento ornamental llamativo. Se convierten en parte de nuestra propia identidad, que nos define y proyecta al exterior, a los dem\u00e1s, una imagen de lo que somos o de lo queremos ser tal y como nos gustar\u00eda que nos percibiesen los dem\u00e1s. Adem\u00e1s, se puede constituir, si as\u00ed lo deseamos, en parte de un lugar especial que se construye de acuerdo a un determinado sentimiento o sensaci\u00f3n que queremos recrear cada vez que accedemos a la contemplaci\u00f3n de la obra realizada con un car\u00e1cter tan exclusivo, \u00fanico y diferente como lo eran las estancias de otras \u00e9pocas que hoy nos siguen maravillando y por las que recordamos a sus habitantes.<\/p>\n\n\n\n<p>Esa sensaci\u00f3n puede ser diferente con cada contemplaci\u00f3n, puesto que el audiovisual es cambiante por su propia naturaleza. En algunas obras descubrimos nuevas sensaciones, pareceres o ideas con cada visionado. Esa es una de las caracter\u00edsticas que diferencia el v\u00eddeoarte de otras artes y que lo hace tan especial y sugestivo.<\/p>\n\n\n\n<p>El propio montaje audiovisual puede ser tambi\u00e9n una excelente excusa para que un cliente o una persona visite nuestra residencia, instituci\u00f3n o instalaciones. Muchas de estas obras se convierten en ic\u00f3nicas por s\u00ed mismas, polo de atracci\u00f3n e inter\u00e9s que facilita o predispone favorablemente a acudir a un lugar determinado y hacerlo con un esp\u00edritu propicio, abierto y con expectativas positivas hacia quien as\u00ed lo recibe. Muestra, adem\u00e1s, una implicaci\u00f3n sincera de los habitantes y del lugar en su conjunto, personas que trabajan o viven all\u00ed y de las que transmite, al margen de las caracter\u00edsticas de la obra, un compromiso con los otros, con la capacidad de actuar, de tomar decisiones o de hacerlo de manera que tenga en cuenta a los dem\u00e1s, aquellos que contemplan una obra creada para ser vista por los que son recibidos, transmitiendo subliminalmente un inter\u00e9s por compartir y recibir las inquietudes de los que llegan.<\/p>\n\n\n\n<p>Todas estas reflexiones te\u00f3ricas son aplicadas a diario y est\u00e1n contrastadas en estudios del comportamiento y sobre datos de efectividad y apreciaci\u00f3n positiva que llegaron a mostrar una mejor\u00eda en el n\u00famero de impactos positivos en diferentes \u00e1reas estudiadas (establecimiento de contactos, duraci\u00f3n de los mismos, consecuci\u00f3n de objetivos, imagen proyectada; nivel de confianza, etc.). De manera global, se estim\u00f3 en un m\u00ednimo significativo del 12%, lo que supone una importante mejora sobre los datos previos que, tambi\u00e9n de manera global, increment\u00f3 los resultados positivos evaluables directamente sobre la situaci\u00f3n previa. Se estableci\u00f3 como una inversi\u00f3n de rentabilidad positiva en un corto periodo de tiempo, siendo su efectividad mayor cuanto mayor es el periodo temporal de estudio, relacionado tambi\u00e9n con el de utilizaci\u00f3n de nuevas im\u00e1genes sobre la misma instalaci\u00f3n audiovisual (en algunos casos, puede ser interesante crear desde un principio dos, tres o m\u00e1s versiones o pel\u00edculas para un mismo montaje o instalaci\u00f3n, y que estas pel\u00edculas cambien seg\u00fan una determinada intenci\u00f3n o inter\u00e9s respecto a la misma y por cuestiones concretas).<\/p>\n","protected":false},"excerpt":{"rendered":"<p>Las instalaciones audiovisuales singulares, basadas en conceptos art\u00edsticos, tienen cada vez m\u00e1s presencia e importancia en espacios p\u00fablicos, instituciones, exposiciones, empresas o viviendas particulares. La singularidad y exclusividad de esta propuesta audiovisual enlaza directamente con las emociones y las percepciones m\u00e1s profundas. El coleccionismo y el mercado alrededor del mismo es otro de los aspectos inherentes al videoarte.<\/p>\n","protected":false},"author":2,"featured_media":0,"parent":0,"menu_order":0,"comment_status":"closed","ping_status":"closed","template":"","meta":[],"_links":{"self":[{"href":"http:\/\/prototipo.avblv.com\/index.php\/wp-json\/wp\/v2\/pages\/424"}],"collection":[{"href":"http:\/\/prototipo.avblv.com\/index.php\/wp-json\/wp\/v2\/pages"}],"about":[{"href":"http:\/\/prototipo.avblv.com\/index.php\/wp-json\/wp\/v2\/types\/page"}],"author":[{"embeddable":true,"href":"http:\/\/prototipo.avblv.com\/index.php\/wp-json\/wp\/v2\/users\/2"}],"replies":[{"embeddable":true,"href":"http:\/\/prototipo.avblv.com\/index.php\/wp-json\/wp\/v2\/comments?post=424"}],"version-history":[{"count":14,"href":"http:\/\/prototipo.avblv.com\/index.php\/wp-json\/wp\/v2\/pages\/424\/revisions"}],"predecessor-version":[{"id":638,"href":"http:\/\/prototipo.avblv.com\/index.php\/wp-json\/wp\/v2\/pages\/424\/revisions\/638"}],"wp:attachment":[{"href":"http:\/\/prototipo.avblv.com\/index.php\/wp-json\/wp\/v2\/media?parent=424"}],"curies":[{"name":"wp","href":"https:\/\/api.w.org\/{rel}","templated":true}]}}