{"id":454,"date":"2021-01-29T20:37:55","date_gmt":"2021-01-29T20:37:55","guid":{"rendered":"http:\/\/prototipo.avblv.com\/?page_id=454"},"modified":"2021-03-15T07:29:23","modified_gmt":"2021-03-15T07:29:23","slug":"454-2","status":"publish","type":"page","link":"http:\/\/prototipo.avblv.com\/index.php\/audiovisuales\/454-2\/","title":{"rendered":"Instalaciones singulares"},"content":{"rendered":"<div id=\"pl-gb454-69e259f911670\"  class=\"panel-layout\" ><div id=\"pg-gb454-69e259f911670-0\"  class=\"panel-grid panel-has-style\" ><div class=\"siteorigin-panels-stretch panel-row-style panel-row-style-for-gb454-69e259f911670-0\" data-stretch-type=\"full-stretched\" ><div id=\"pgc-gb454-69e259f911670-0-0\"  class=\"panel-grid-cell\" ><div id=\"panel-gb454-69e259f911670-0-0-0\" class=\"so-panel widget widget_sow-slider panel-first-child panel-last-child\" data-index=\"0\" ><div class=\"so-widget-sow-slider so-widget-sow-slider-default-abf3e628296a\"><div class=\"sow-slider-base \" style=\"display: none\"><ul class=\"sow-slider-images\" data-settings=\"{&quot;pagination&quot;:true,&quot;speed&quot;:800,&quot;timeout&quot;:8000,&quot;paused&quot;:true,&quot;pause_on_hover&quot;:false,&quot;swipe&quot;:false,&quot;nav_always_show_mobile&quot;:&quot;&quot;,&quot;breakpoint&quot;:&quot;780px&quot;}\">\t\t<li class=\"sow-slider-image  sow-slider-image-cover\" style=\"background-image: url(http:\/\/prototipo.avblv.com\/wp-content\/uploads\/2021\/01\/CVCC-rio-pequena-cascada.jpg)\" >\n\t\t\t\t\t\t<div class=\"sow-slider-image-container\">\n\t\t\t\t<div class=\"sow-slider-image-wrapper\" style=\"max-width: 1920px\">\n\t\t\t\t\t\t\t\t\t\t<img width=\"1920\" height=\"1080\" src=\"http:\/\/prototipo.avblv.com\/wp-content\/uploads\/2021\/01\/ventanales-iluminacion.jpg\" class=\"sow-slider-foreground-image\" alt=\"\" loading=\"eager\" srcset=\"http:\/\/prototipo.avblv.com\/wp-content\/uploads\/2021\/01\/ventanales-iluminacion.jpg 1920w, http:\/\/prototipo.avblv.com\/wp-content\/uploads\/2021\/01\/ventanales-iluminacion-300x169.jpg 300w, http:\/\/prototipo.avblv.com\/wp-content\/uploads\/2021\/01\/ventanales-iluminacion-1024x576.jpg 1024w, http:\/\/prototipo.avblv.com\/wp-content\/uploads\/2021\/01\/ventanales-iluminacion-768x432.jpg 768w, http:\/\/prototipo.avblv.com\/wp-content\/uploads\/2021\/01\/ventanales-iluminacion-1536x864.jpg 1536w\" sizes=\"(max-width: 1920px) 100vw, 1920px\" \/>\t\t\t\t\t\t\t\t\t<\/div>\n\t\t\t<\/div>\n\t\t\t\t\t<\/li>\n\t\t\t\t<li class=\"sow-slider-image\" style=\"\" >\n\t\t\t\t\t\t\t\t\t\t\t\t\t\t\t\t\t<\/li>\n\t\t<\/ul>\t\t\t\t<ol class=\"sow-slider-pagination\">\n\t\t\t\t\t\t\t\t\t\t\t<li><a href=\"#\" data-goto=\"0\" aria-label=\"mostrar diapositiva 1\"><\/a><\/li>\n\t\t\t\t\t\t\t\t\t\t\t<li><a href=\"#\" data-goto=\"1\" aria-label=\"mostrar diapositiva 2\"><\/a><\/li>\n\t\t\t\t\t\t\t\t\t<\/ol>\n\n\t\t\t\t<div class=\"sow-slide-nav sow-slide-nav-next\">\n\t\t\t\t\t<a href=\"#\" data-goto=\"next\" aria-label=\"diapositiva siguiente\" data-action=\"next\">\n\t\t\t\t\t\t<em class=\"sow-sld-icon-thin-right\"><\/em>\n\t\t\t\t\t<\/a>\n\t\t\t\t<\/div>\n\n\t\t\t\t<div class=\"sow-slide-nav sow-slide-nav-prev\">\n\t\t\t\t\t<a href=\"#\" data-goto=\"previous\" aria-label=\"diapositiva anterior\" data-action=\"prev\">\n\t\t\t\t\t\t<em class=\"sow-sld-icon-thin-left\"><\/em>\n\t\t\t\t\t<\/a>\n\t\t\t\t<\/div>\n\t\t\t\t<\/div><\/div><\/div><\/div><\/div><\/div><div id=\"pg-gb454-69e259f911670-1\"  class=\"panel-grid panel-has-style\" ><div class=\"siteorigin-panels-stretch panel-row-style panel-row-style-for-gb454-69e259f911670-1\" data-stretch-type=\"full\" ><div id=\"pgc-gb454-69e259f911670-1-0\"  class=\"panel-grid-cell\" ><div id=\"panel-gb454-69e259f911670-1-0-0\" class=\"so-panel widget widget_sow-editor panel-first-child panel-last-child\" data-index=\"1\" ><div class=\"so-widget-sow-editor so-widget-sow-editor-base\"><h3 class=\"widget-title\">VIDEOARTE<\/h3>\n<div class=\"siteorigin-widget-tinymce textwidget\">\n\t<h1 style=\"text-align: center;\">Instalaciones audiovisuales singulares.\u00a0<span style=\"color: #800080;\"><a style=\"color: #800080;\" href=\"http:\/\/prototipo.avblv.com\/index.php\/videoarte-instalaciones-audiovisuales-singulares-y-exclusivas\/\" target=\"_blank\" rel=\"noopener\">Exclusividad<\/a><\/span><\/h1>\n<\/div>\n<\/div><\/div><\/div><\/div><\/div><div id=\"pg-gb454-69e259f911670-2\"  class=\"panel-grid panel-has-style\" ><div class=\"panel-row-style panel-row-style-for-gb454-69e259f911670-2\" ><div id=\"pgc-gb454-69e259f911670-2-0\"  class=\"panel-grid-cell\" ><div id=\"panel-gb454-69e259f911670-2-0-0\" class=\"so-panel widget widget_sow-image panel-first-child\" data-index=\"2\" ><div class=\"so-widget-sow-image so-widget-sow-image-default-d6014b76747a\">\n\n<div class=\"sow-image-container\">\n\t<img loading=\"lazy\" src=\"http:\/\/prototipo.avblv.com\/wp-content\/uploads\/2020\/12\/Frame-Exp-5-1.jpg\" width=\"1920\" height=\"1080\" srcset=\"http:\/\/prototipo.avblv.com\/wp-content\/uploads\/2020\/12\/Frame-Exp-5-1.jpg 1920w, http:\/\/prototipo.avblv.com\/wp-content\/uploads\/2020\/12\/Frame-Exp-5-1-300x169.jpg 300w, http:\/\/prototipo.avblv.com\/wp-content\/uploads\/2020\/12\/Frame-Exp-5-1-1024x576.jpg 1024w, http:\/\/prototipo.avblv.com\/wp-content\/uploads\/2020\/12\/Frame-Exp-5-1-768x432.jpg 768w, http:\/\/prototipo.avblv.com\/wp-content\/uploads\/2020\/12\/Frame-Exp-5-1-1536x864.jpg 1536w\" sizes=\"(max-width: 1920px) 100vw, 1920px\" title=\"Frame (Exp) 5\" alt=\"\" \t\tclass=\"so-widget-image\"\/>\n<\/div>\n\n<\/div><\/div><div id=\"panel-gb454-69e259f911670-2-0-1\" class=\"so-panel widget widget_sow-editor panel-last-child\" data-index=\"3\" ><div class=\"so-widget-sow-editor so-widget-sow-editor-base\"><h3 class=\"widget-title\">Creaci\u00f3n de espacios \u00fanicos<\/h3>\n<div class=\"siteorigin-widget-tinymce textwidget\">\n\t<p>Artistas, iluminadores, programadores o t\u00e9cnicos en instalaci\u00f3n de equipos audiovisuales se coordinan para conformar espacios singulares u obras exclusivas.<\/p>\n<p><span style=\"color: #f39c12;\">Find out more<\/span><\/p>\n<\/div>\n<\/div><\/div><\/div><div id=\"pgc-gb454-69e259f911670-2-1\"  class=\"panel-grid-cell\" ><div id=\"panel-gb454-69e259f911670-2-1-0\" class=\"so-panel widget widget_sow-image panel-first-child\" data-index=\"4\" ><div class=\"so-widget-sow-image so-widget-sow-image-default-d6014b76747a\">\n\n<div class=\"sow-image-container\">\n\t<img loading=\"lazy\" src=\"http:\/\/prototipo.avblv.com\/wp-content\/uploads\/2021\/01\/CVCC-rio-pequena-cascada.jpg\" width=\"1280\" height=\"720\" srcset=\"http:\/\/prototipo.avblv.com\/wp-content\/uploads\/2021\/01\/CVCC-rio-pequena-cascada.jpg 1280w, http:\/\/prototipo.avblv.com\/wp-content\/uploads\/2021\/01\/CVCC-rio-pequena-cascada-300x169.jpg 300w, http:\/\/prototipo.avblv.com\/wp-content\/uploads\/2021\/01\/CVCC-rio-pequena-cascada-1024x576.jpg 1024w, http:\/\/prototipo.avblv.com\/wp-content\/uploads\/2021\/01\/CVCC-rio-pequena-cascada-768x432.jpg 768w\" sizes=\"(max-width: 1280px) 100vw, 1280px\" title=\"CVCC r\u00edo peque\u00f1a cascada\" alt=\"\" \t\tclass=\"so-widget-image\"\/>\n<\/div>\n\n<\/div><\/div><div id=\"panel-gb454-69e259f911670-2-1-1\" class=\"so-panel widget widget_sow-editor panel-last-child\" data-index=\"5\" ><div class=\"so-widget-sow-editor so-widget-sow-editor-base\"><h3 class=\"widget-title\">Nuevas tecnolog\u00edas<\/h3>\n<div class=\"siteorigin-widget-tinymce textwidget\">\n\t<p>Desde la inteligencia artificial hasta la realidad aumentada pueden ser camino de exploraci\u00f3n e investigaci\u00f3n art\u00edstica. Los nuevos recursos tambi\u00e9n permiten nuevas posibilidades.<\/p>\n<p><span style=\"color: #f39c12;\">Find out more<\/span><\/p>\n<\/div>\n<\/div><\/div><\/div><div id=\"pgc-gb454-69e259f911670-2-2\"  class=\"panel-grid-cell\" ><div id=\"panel-gb454-69e259f911670-2-2-0\" class=\"so-panel widget widget_sow-image panel-first-child\" data-index=\"6\" ><div class=\"so-widget-sow-image so-widget-sow-image-default-d6014b76747a\">\n\n<div class=\"sow-image-container\">\n\t<img loading=\"lazy\" src=\"http:\/\/prototipo.avblv.com\/wp-content\/uploads\/2021\/01\/Mirada-Look-baja.jpg\" width=\"854\" height=\"480\" srcset=\"http:\/\/prototipo.avblv.com\/wp-content\/uploads\/2021\/01\/Mirada-Look-baja.jpg 854w, http:\/\/prototipo.avblv.com\/wp-content\/uploads\/2021\/01\/Mirada-Look-baja-300x169.jpg 300w, http:\/\/prototipo.avblv.com\/wp-content\/uploads\/2021\/01\/Mirada-Look-baja-768x432.jpg 768w\" sizes=\"(max-width: 854px) 100vw, 854px\" title=\"Mirada : Look (baja\" alt=\"\" \t\tclass=\"so-widget-image\"\/>\n<\/div>\n\n<\/div><\/div><div id=\"panel-gb454-69e259f911670-2-2-1\" class=\"so-panel widget widget_sow-editor panel-last-child\" data-index=\"7\" ><div class=\"so-widget-sow-editor so-widget-sow-editor-base\"><h3 class=\"widget-title\">Obras originales y exclusivas<\/h3>\n<div class=\"siteorigin-widget-tinymce textwidget\">\n\t<p>El videoarte, de manera gen\u00e9rica, puede relacionarse con otros \u00e1mbitos del arte en formato audiovisual. Son obras que pueden certificarse como si de una pieza f\u00edsica se tratara.<\/p>\n<p><span style=\"color: #f39c12;\">Find out more<\/span><\/p>\n<\/div>\n<\/div><\/div><\/div><\/div><\/div><div id=\"pg-gb454-69e259f911670-3\"  class=\"panel-grid panel-has-style\" ><div class=\"siteorigin-panels-stretch panel-row-style panel-row-style-for-gb454-69e259f911670-3\" data-stretch-type=\"full-stretched\" ><div id=\"pgc-gb454-69e259f911670-3-0\"  class=\"panel-grid-cell\" ><div id=\"panel-gb454-69e259f911670-3-0-0\" class=\"so-panel widget widget_sow-features panel-first-child panel-last-child\" data-index=\"8\" ><div class=\"panel-widget-style panel-widget-style-for-gb454-69e259f911670-3-0-0\" ><div class=\"so-widget-sow-features so-widget-sow-features-default-45f07f541853\">\n<div class=\"sow-features-list sow-features-responsive\">\n\n\t\t\t\n\t\t\t<div class=\"sow-features-feature sow-icon-container-position-top sow-features-feature-last-row\" style=\"width: 33.333%\">\n\n\t\t\t\t\t\t\t\t<div\n\t\t\t\t\tclass=\"sow-icon-container sow-container-round\"\n                    style=\"color: #fafafa; \"\n\t\t\t\t\t>\n\t\t\t\t\t<span class=\"sow-icon-genericons\" data-sow-icon=\"&#xf103;\"\n\t\tstyle=\"font-size: 48px; color: #3257db\" ><\/span>\t\t\t\t<\/div>\n\t\t\t\t\n\t\t\t\t<div class=\"textwidget\">\n\t\t\t\t\t\t\t\t\t\t\t<h5>\n\t\t\t\t\t\t\t\t\t\t\t\t\t\tInstituci\u00f3n\t\t\t\t\t\t\t\t\t\t\t\t\t<\/h5>\n\t\t\t\t\t\n\t\t\t\t\t\t\t\t\t\t\t<p>Mediante secuencias y recursos envolventes se componen \u00e1mbitos singulares para la transmisi\u00f3n de valores propios, lo que somos, el esp\u00edritu que nos motiva y la determinaci\u00f3n para hacerlo.<\/p>\n\t\t\t\t\t\n\t\t\t\t\t\t\t\t\t<\/div>\n\t\t\t<\/div>\n\n\t\t\n\t\t\t<div class=\"sow-features-feature sow-icon-container-position-top sow-features-feature-last-row\" style=\"width: 33.333%\">\n\n\t\t\t\t\t\t\t\t<div\n\t\t\t\t\tclass=\"sow-icon-container sow-container-round\"\n                    style=\"color: #fafafa; \"\n\t\t\t\t\t>\n\t\t\t\t\t<span class=\"sow-icon-icomoon\" data-sow-icon=\"&#xe948;\"\n\t\tstyle=\"font-size: 48px; color: #3257db\" ><\/span>\t\t\t\t<\/div>\n\t\t\t\t\n\t\t\t\t<div class=\"textwidget\">\n\t\t\t\t\t\t\t\t\t\t\t<h5>\n\t\t\t\t\t\t\t\t\t\t\t\t\t\tEmpresa\t\t\t\t\t\t\t\t\t\t\t\t\t<\/h5>\n\t\t\t\t\t\n\t\t\t\t\t\t\t\t\t\t\t<p>La esencia de lo realizado y lo que ofrecemos al mundo a trav\u00e9s de im\u00e1genes, sensaciones y elementos que nos definen y nos muestran a los dem\u00e1s de manera cre\u00edble y \u00fanica.<\/p>\n\t\t\t\t\t\n\t\t\t\t\t\t\t\t\t<\/div>\n\t\t\t<\/div>\n\n\t\t\n\t\t\t<div class=\"sow-features-feature sow-icon-container-position-top sow-features-feature-last-row\" style=\"width: 33.333%\">\n\n\t\t\t\t\t\t\t\t<div\n\t\t\t\t\tclass=\"sow-icon-container sow-container-round\"\n                    style=\"color: #fafafa; \"\n\t\t\t\t\t>\n\t\t\t\t\t<span class=\"sow-icon-genericons\" data-sow-icon=\"&#xf101;\"\n\t\tstyle=\"font-size: 48px; color: #3257db\" ><\/span>\t\t\t\t<\/div>\n\t\t\t\t\n\t\t\t\t<div class=\"textwidget\">\n\t\t\t\t\t\t\t\t\t\t\t<h5>\n\t\t\t\t\t\t\t\t\t\t\t\t\t\tVivienda\t\t\t\t\t\t\t\t\t\t\t\t\t<\/h5>\n\t\t\t\t\t\n\t\t\t\t\t\t\t\t\t\t\t<p>El reflejo de personas, inquietudes, deseos o logros. Una mirada interior que se expande creando espacios exclusivos para la contemplaci\u00f3n, la calma, la fortaleza o la reflexi\u00f3n.<\/p>\n\t\t\t\t\t\n\t\t\t\t\t\t\t\t\t<\/div>\n\t\t\t<\/div>\n\n\t\t\t\n<\/div>\n<\/div><\/div><\/div><\/div><\/div><\/div><div id=\"pg-gb454-69e259f911670-4\"  class=\"panel-grid panel-has-style\" ><div class=\"panel-row-style panel-row-style-for-gb454-69e259f911670-4\" ><div id=\"pgc-gb454-69e259f911670-4-0\"  class=\"panel-grid-cell\" ><div id=\"panel-gb454-69e259f911670-4-0-0\" class=\"so-panel widget widget_sow-headline panel-first-child panel-last-child\" data-index=\"9\" ><div class=\"panel-widget-style panel-widget-style-for-gb454-69e259f911670-4-0-0\" ><div class=\"so-widget-sow-headline so-widget-sow-headline-default-9e32b0b25c58\"><div class=\"sow-headline-container \">\n\t<h1 class='sow-headline'>\u00abPara m\u00ed el cine ser\u00eda la \u00e9pica, la televisi\u00f3n la novela y el videoarte la poes\u00eda\u00bb <\/h1><h3 class='sow-sub-headline'>~ Pola Weiss<\/h3><\/div><\/div><\/div><\/div><\/div><\/div><\/div><div id=\"pg-gb454-69e259f911670-5\"  class=\"panel-grid panel-has-style\" ><div class=\"siteorigin-panels-stretch panel-row-style panel-row-style-for-gb454-69e259f911670-5\" data-stretch-type=\"full\" ><div id=\"pgc-gb454-69e259f911670-5-0\"  class=\"panel-grid-cell\" ><div id=\"panel-gb454-69e259f911670-5-0-0\" class=\"so-panel widget widget_sow-post-carousel panel-first-child panel-last-child\" data-index=\"10\" ><div class=\"so-widget-sow-post-carousel so-widget-sow-post-carousel-default-a2ed23d83072\">\n<\/div><\/div><\/div><\/div><\/div><div id=\"pg-gb454-69e259f911670-6\"  class=\"panel-grid panel-has-style\" ><div class=\"siteorigin-panels-stretch panel-row-style panel-row-style-for-gb454-69e259f911670-6\" data-stretch-type=\"full\" ><div id=\"pgc-gb454-69e259f911670-6-0\"  class=\"panel-grid-cell panel-grid-cell-empty\" ><\/div><div id=\"pgc-gb454-69e259f911670-6-1\"  class=\"panel-grid-cell panel-grid-cell-mobile-last\" ><div id=\"panel-gb454-69e259f911670-6-1-0\" class=\"so-panel widget widget_sow-headline panel-first-child\" data-index=\"11\" ><div class=\"so-widget-sow-headline so-widget-sow-headline-default-8717de956ba8\"><div class=\"sow-headline-container \">\n\t<h1 class='sow-headline'>M\u00c1S INFORMACI\u00d3N<\/h1>\t\t\t\t\t<div class=\"decoration\">\n\t\t\t\t\t\t<div class=\"decoration-inside\"><\/div>\n\t\t\t\t\t<\/div>\n\t\t\t\t\t<\/div><\/div><\/div><div id=\"panel-gb454-69e259f911670-6-1-1\" class=\"so-panel widget widget_sow-social-media-buttons panel-last-child\" data-index=\"12\" ><div class=\"so-widget-sow-social-media-buttons so-widget-sow-social-media-buttons-flat-c8fbb3d4f150\">\n\n<div class=\"social-media-button-container\">\n\t\n\t\t<a class=\"ow-button-hover sow-social-media-button-email-0 sow-social-media-button\" title=\"Email BLV, edici\u00f3n y gesti\u00f3n audiovisual\" aria-label=\"Email BLV, edici\u00f3n y gesti\u00f3n audiovisual\" target=\"_blank\" rel=\"noopener noreferrer\" href=\"mailto:%20info@avblv.com\" >\n\t\t\t<span>\n\t\t\t\t\t\t\t\t<span class=\"sow-icon-fontawesome sow-fas\" data-sow-icon=\"&#xf0e0;\"\n\t\t ><\/span>\t\t\t\t\t\t\t<\/span>\n\t\t<\/a>\n\t\n\t\t<a class=\"ow-button-hover sow-social-media-button-phone-0 sow-social-media-button\" title=\"Phone BLV, edici\u00f3n y gesti\u00f3n audiovisual\" aria-label=\"Phone BLV, edici\u00f3n y gesti\u00f3n audiovisual\" href=\"tel:917697481\" >\n\t\t\t<span>\n\t\t\t\t\t\t\t\t<span class=\"sow-icon-fontawesome sow-fas\" data-sow-icon=\"&#xf095;\"\n\t\t ><\/span>\t\t\t\t\t\t\t<\/span>\n\t\t<\/a>\n\t\n\t\t<a class=\"ow-button-hover sow-social-media-button-youtube-0 sow-social-media-button\" title=\"BLV, edici\u00f3n y gesti\u00f3n audiovisual en Youtube\" aria-label=\"BLV, edici\u00f3n y gesti\u00f3n audiovisual en Youtube\" target=\"_blank\" rel=\"noopener noreferrer\" href=\"https:\/\/www.youtube.com\/playlist?list=PLUzjEt9vRMwkdtu_MD_oeJYIYELoM9IXO\" >\n\t\t\t<span>\n\t\t\t\t\t\t\t\t<span class=\"sow-icon-fontawesome sow-fab\" data-sow-icon=\"&#xf167;\"\n\t\t ><\/span>\t\t\t\t\t\t\t<\/span>\n\t\t<\/a>\n\t<\/div>\n<\/div><\/div><\/div><div id=\"pgc-gb454-69e259f911670-6-2\"  class=\"panel-grid-cell panel-grid-cell-empty\" ><\/div><\/div><\/div><\/div>","protected":false},"excerpt":{"rendered":"","protected":false},"author":2,"featured_media":0,"parent":41,"menu_order":0,"comment_status":"closed","ping_status":"closed","template":"","meta":[],"_links":{"self":[{"href":"http:\/\/prototipo.avblv.com\/index.php\/wp-json\/wp\/v2\/pages\/454"}],"collection":[{"href":"http:\/\/prototipo.avblv.com\/index.php\/wp-json\/wp\/v2\/pages"}],"about":[{"href":"http:\/\/prototipo.avblv.com\/index.php\/wp-json\/wp\/v2\/types\/page"}],"author":[{"embeddable":true,"href":"http:\/\/prototipo.avblv.com\/index.php\/wp-json\/wp\/v2\/users\/2"}],"replies":[{"embeddable":true,"href":"http:\/\/prototipo.avblv.com\/index.php\/wp-json\/wp\/v2\/comments?post=454"}],"version-history":[{"count":53,"href":"http:\/\/prototipo.avblv.com\/index.php\/wp-json\/wp\/v2\/pages\/454\/revisions"}],"predecessor-version":[{"id":641,"href":"http:\/\/prototipo.avblv.com\/index.php\/wp-json\/wp\/v2\/pages\/454\/revisions\/641"}],"up":[{"embeddable":true,"href":"http:\/\/prototipo.avblv.com\/index.php\/wp-json\/wp\/v2\/pages\/41"}],"wp:attachment":[{"href":"http:\/\/prototipo.avblv.com\/index.php\/wp-json\/wp\/v2\/media?parent=454"}],"curies":[{"name":"wp","href":"https:\/\/api.w.org\/{rel}","templated":true}]}}