{"id":41,"date":"2021-01-12T17:51:25","date_gmt":"2021-01-12T17:51:25","guid":{"rendered":"http:\/\/prototipo.avblv.com\/?page_id=41"},"modified":"2021-03-19T08:17:25","modified_gmt":"2021-03-19T08:17:25","slug":"audiovisuales","status":"publish","type":"page","link":"https:\/\/prototipo.avblv.com\/","title":{"rendered":"Soluciones y propuestas audiovisuales"},"content":{"rendered":"\n<div class=\"wp-block-group\"><div class=\"wp-block-group__inner-container\">\n<figure class=\"wp-block-embed is-type-video is-provider-youtube wp-block-embed-youtube wp-embed-aspect-16-9 wp-has-aspect-ratio\"><div class=\"wp-block-embed__wrapper\">\n<iframe title=\"Demo BLV (Reel)\" width=\"1440\" height=\"810\" src=\"https:\/\/www.youtube.com\/embed\/A-6kCNfinX4?feature=oembed\" frameborder=\"0\" allow=\"accelerometer; autoplay; clipboard-write; encrypted-media; gyroscope; picture-in-picture\" allowfullscreen><\/iframe>\n<\/div><\/figure>\n\n\n\n<p><\/p>\n<\/div><\/div>\n\n\n\n<p class=\"has-text-align-center\"><strong>BLV, edici\u00f3n y gesti\u00f3n audiovisual<\/strong>, nace en el a\u00f1o 2004 con el apoyo y la direcci\u00f3n de diferentes profesionales especializados en la creaci\u00f3n, producci\u00f3n y realizaci\u00f3n de trabajos y servicios audiovisuales de todo tipo, particularmente los de car\u00e1cter cultural, divulgativo y documental. <br>Nuestra amplia experiencia hace posible crear equipos de trabajo especializados en cada uno de los procesos necesarios para la ejecuci\u00f3n de cualquier obra audiovisual, incluidas las relacionadas con nuevas tecnolog\u00edas, redes, web o instalaciones singulares.<\/p>\n\n\n\n<p><\/p>\n","protected":false},"excerpt":{"rendered":"<p>Desde el a\u00f1o 2004, BLV, edici\u00f3n y gesti\u00f3n audiovisual ha realizado cientos de documentales, interactivos y audiovisuales. Gestionamos o realizamos el proyecto completo o participamos en alguna de sus fases (guion, edici\u00f3n, grabaci\u00f3n, contenidos, programaci\u00f3n, asesor\u00eda, conceptualizaci\u00f3n, dise\u00f1o, anteproyecto, sonido&#8230;).<\/p>\n","protected":false},"author":2,"featured_media":36,"parent":0,"menu_order":0,"comment_status":"closed","ping_status":"closed","template":"grid.php","meta":[],"_links":{"self":[{"href":"https:\/\/prototipo.avblv.com\/index.php\/wp-json\/wp\/v2\/pages\/41"}],"collection":[{"href":"https:\/\/prototipo.avblv.com\/index.php\/wp-json\/wp\/v2\/pages"}],"about":[{"href":"https:\/\/prototipo.avblv.com\/index.php\/wp-json\/wp\/v2\/types\/page"}],"author":[{"embeddable":true,"href":"https:\/\/prototipo.avblv.com\/index.php\/wp-json\/wp\/v2\/users\/2"}],"replies":[{"embeddable":true,"href":"https:\/\/prototipo.avblv.com\/index.php\/wp-json\/wp\/v2\/comments?post=41"}],"version-history":[{"count":35,"href":"https:\/\/prototipo.avblv.com\/index.php\/wp-json\/wp\/v2\/pages\/41\/revisions"}],"predecessor-version":[{"id":655,"href":"https:\/\/prototipo.avblv.com\/index.php\/wp-json\/wp\/v2\/pages\/41\/revisions\/655"}],"wp:featuredmedia":[{"embeddable":true,"href":"https:\/\/prototipo.avblv.com\/index.php\/wp-json\/wp\/v2\/media\/36"}],"wp:attachment":[{"href":"https:\/\/prototipo.avblv.com\/index.php\/wp-json\/wp\/v2\/media?parent=41"}],"curies":[{"name":"wp","href":"https:\/\/api.w.org\/{rel}","templated":true}]}}