{"id":418,"date":"2021-01-22T08:13:48","date_gmt":"2021-01-22T08:13:48","guid":{"rendered":"http:\/\/prototipo.avblv.com\/?page_id=418"},"modified":"2021-03-18T09:32:17","modified_gmt":"2021-03-18T09:32:17","slug":"soluciones-audiovisuales","status":"publish","type":"page","link":"https:\/\/prototipo.avblv.com\/index.php\/soluciones-audiovisuales\/","title":{"rendered":"Soluciones audiovisuales"},"content":{"rendered":"\n<div class=\"wp-block-image\"><figure class=\"alignleft size-large\"><img loading=\"lazy\" width=\"1024\" height=\"576\" src=\"http:\/\/prototipo.avblv.com\/wp-content\/uploads\/2021\/01\/El-vuelo-del-peregrino-booktrailer-AUTOR-ojo-1024x576.jpg\" alt=\"\" class=\"wp-image-256\" srcset=\"https:\/\/prototipo.avblv.com\/wp-content\/uploads\/2021\/01\/El-vuelo-del-peregrino-booktrailer-AUTOR-ojo-1024x576.jpg 1024w, https:\/\/prototipo.avblv.com\/wp-content\/uploads\/2021\/01\/El-vuelo-del-peregrino-booktrailer-AUTOR-ojo-300x169.jpg 300w, https:\/\/prototipo.avblv.com\/wp-content\/uploads\/2021\/01\/El-vuelo-del-peregrino-booktrailer-AUTOR-ojo-768x432.jpg 768w, https:\/\/prototipo.avblv.com\/wp-content\/uploads\/2021\/01\/El-vuelo-del-peregrino-booktrailer-AUTOR-ojo-1536x864.jpg 1536w, https:\/\/prototipo.avblv.com\/wp-content\/uploads\/2021\/01\/El-vuelo-del-peregrino-booktrailer-AUTOR-ojo.jpg 1920w\" sizes=\"(max-width: 1024px) 100vw, 1024px\" \/><figcaption>Fotograma de booktrailer realizado por BLV<\/figcaption><\/figure><\/div>\n\n\n\n<p><\/p>\n\n\n\n<p><strong>Nuestro planteamiento de trabajo se basa en un estudio exhaustivo de las necesidades de la acci\u00f3n audiovisual para, a partir de ah\u00ed, realizar un anteproyecto que permita establecer alternativas que tengan en cuenta equipamientos, plazos de tiempo, importes exactos y cerrados, estilos, concepci\u00f3n visual&#8230;<\/strong><\/p>\n\n\n\n<p>Uno de los principales problemas que se encuentran las empresas o instituciones al acometer un proyecto audiovisual, radica en la optimizaci\u00f3n de todos los procesos necesarios. Hacerlo de manera acertada permite llevar a cabo un seguimiento efectivo, tanto desde el punto de vista de los contenidos como desde el de la realizaci\u00f3n, producci\u00f3n, puesta en funcionamiento o exhibici\u00f3n p\u00fablica. <\/p>\n\n\n\n<p>Se rentabiliza mucho tiempo en desplazamientos, reuniones o visionados. Igualmente, es posible valorar en momentos diferentes acciones audiovisuales que pueden ser complementarias, lo que evita repetici\u00f3n de mensajes o conceptos, permitiendo tambi\u00e9n optimizar las acciones que se requieran en cada etapa. De esta manera, los procesos y contenidos pueden adaptarse a las variaciones que pueden surgir a medida que avanza el proyecto, dando respuesta a cualquier tipo de modificaci\u00f3n que se pueda plantear.<\/p>\n\n\n\n<p>Para ello se crea un <em>pool creativo<\/em> \u2013mesa creativa\u2013, asignando y coordinando personas, equipos y colaboradores que seguir\u00e1n el proyecto en todos sus aspectos, teniendo en cuenta las particularidades que pueden intervenir en cada trabajo audiovisual (qu\u00e9 se quiere transmitir, con qu\u00e9 medios, propuesta de equipamientos, estilos, etc.), teniendo en cuenta tambi\u00e9n las partidas presupuestarias que intervienen en cada momento. Al final del proceso se obtiene un producto controlado en su realizaci\u00f3n y  presupuestariamente.\u00a0<\/p>\n\n\n\n<p>De esta manera, BLV se encarga de todos y cada uno de los procesos, produciendo, realizando, equipando y coordinando cualquier aspecto hasta alcanzar el resultado previsto, responsabiliz\u00e1ndose de su puesta en funcionamiento para su exhibici\u00f3n o de los procesos que se considere.<\/p>\n","protected":false},"excerpt":{"rendered":"<p>Nuestro planteamiento de trabajo se basa en un estudio exhaustivo de las necesidades de la acci\u00f3n audiovisual para, a partir de ah\u00ed, realizar un anteproyecto que permita establecer alternativas que tengan en cuenta equipamientos, plazos de tiempo, importes exactos y cerrados, estilos, concepci\u00f3n visual&#8230; Uno de los principales problemas que se encuentran las empresas oSeguir leyendo &rarr;<\/p>\n","protected":false},"author":2,"featured_media":0,"parent":0,"menu_order":0,"comment_status":"closed","ping_status":"closed","template":"","meta":[],"_links":{"self":[{"href":"https:\/\/prototipo.avblv.com\/index.php\/wp-json\/wp\/v2\/pages\/418"}],"collection":[{"href":"https:\/\/prototipo.avblv.com\/index.php\/wp-json\/wp\/v2\/pages"}],"about":[{"href":"https:\/\/prototipo.avblv.com\/index.php\/wp-json\/wp\/v2\/types\/page"}],"author":[{"embeddable":true,"href":"https:\/\/prototipo.avblv.com\/index.php\/wp-json\/wp\/v2\/users\/2"}],"replies":[{"embeddable":true,"href":"https:\/\/prototipo.avblv.com\/index.php\/wp-json\/wp\/v2\/comments?post=418"}],"version-history":[{"count":5,"href":"https:\/\/prototipo.avblv.com\/index.php\/wp-json\/wp\/v2\/pages\/418\/revisions"}],"predecessor-version":[{"id":646,"href":"https:\/\/prototipo.avblv.com\/index.php\/wp-json\/wp\/v2\/pages\/418\/revisions\/646"}],"wp:attachment":[{"href":"https:\/\/prototipo.avblv.com\/index.php\/wp-json\/wp\/v2\/media?parent=418"}],"curies":[{"name":"wp","href":"https:\/\/api.w.org\/{rel}","templated":true}]}}